{"id":39,"date":"2025-10-24T23:19:45","date_gmt":"2025-10-24T21:19:45","guid":{"rendered":"https:\/\/prueba.ceass.gob.bo\/?page_id=39"},"modified":"2025-10-24T23:19:45","modified_gmt":"2025-10-24T21:19:45","slug":"objetivos-institucionales","status":"publish","type":"page","link":"https:\/\/www.ceass.gob.bo\/index.php\/objetivos-institucionales\/","title":{"rendered":"Objetivos Institucionales"},"content":{"rendered":"\n<p><\/p>\n\n\n\n<p>En el marco del Decreto Supremo 27943 Art. N\u00b05 nuestros objetivos son:<\/p>\n\n\n\n<ul class=\"wp-block-list\">\n<li>Asegurar la disponibilidad y equidad en el acceso a medicamentos esenciales, para satisfacer las necesidades de salud de la poblaci\u00f3n, a trav\u00e9s de su adquisici\u00f3n, almacenamiento y distribuci\u00f3n en el marco del Sistema Nacional \u00danico de Suministro de Medicamentos e Insumos M\u00e9dicos.<\/li>\n\n\n\n<li>Proveer, de forma competitiva, medicamentos esenciales que respondan a planes y programas del Ministerio de Salud y Deportes.<\/li>\n\n\n\n<li>Generar alianzas estrat\u00e9gicas con instituciones vinculadas al suministro de medicamentos al Sistema P\u00fablico de Salud y a la Seguridad Social de corto plazo.<\/li>\n<\/ul>\n\n\n\n<p><\/p>\n","protected":false},"excerpt":{"rendered":"<p>En el marco del Decreto Supremo 27943 Art. N\u00b05 nuestros objetivos son:<\/p>\n","protected":false},"author":1,"featured_media":0,"parent":0,"menu_order":0,"comment_status":"closed","ping_status":"closed","template":"","meta":{"_acf_changed":false,"footnotes":""},"class_list":["post-39","page","type-page","status-publish","hentry"],"acf":[],"_links":{"self":[{"href":"https:\/\/www.ceass.gob.bo\/index.php\/wp-json\/wp\/v2\/pages\/39","targetHints":{"allow":["GET"]}}],"collection":[{"href":"https:\/\/www.ceass.gob.bo\/index.php\/wp-json\/wp\/v2\/pages"}],"about":[{"href":"https:\/\/www.ceass.gob.bo\/index.php\/wp-json\/wp\/v2\/types\/page"}],"author":[{"embeddable":true,"href":"https:\/\/www.ceass.gob.bo\/index.php\/wp-json\/wp\/v2\/users\/1"}],"replies":[{"embeddable":true,"href":"https:\/\/www.ceass.gob.bo\/index.php\/wp-json\/wp\/v2\/comments?post=39"}],"version-history":[{"count":1,"href":"https:\/\/www.ceass.gob.bo\/index.php\/wp-json\/wp\/v2\/pages\/39\/revisions"}],"predecessor-version":[{"id":40,"href":"https:\/\/www.ceass.gob.bo\/index.php\/wp-json\/wp\/v2\/pages\/39\/revisions\/40"}],"wp:attachment":[{"href":"https:\/\/www.ceass.gob.bo\/index.php\/wp-json\/wp\/v2\/media?parent=39"}],"curies":[{"name":"wp","href":"https:\/\/api.w.org\/{rel}","templated":true}]}}