{"id":34,"date":"2025-10-24T23:11:12","date_gmt":"2025-10-24T21:11:12","guid":{"rendered":"https:\/\/prueba.ceass.gob.bo\/?page_id=34"},"modified":"2025-10-24T23:16:31","modified_gmt":"2025-10-24T21:16:31","slug":"presentacion","status":"publish","type":"page","link":"https:\/\/www.ceass.gob.bo\/index.php\/presentacion\/","title":{"rendered":"Rese\u00f1a Hist\u00f3rica"},"content":{"rendered":"\n<p><\/p>\n\n\n\n<p>La Central de Abastecimiento y Suministros de Salud, cuya sigla es CEASS, por Decreto Supremo N\u00b0 27943 de 20 de diciembre de 2002, se constituye en una Instituci\u00f3n P\u00fablica Descentralizada, sin fines de lucro, de prestaci\u00f3n de servicios, de car\u00e1cter social, que asume funciones operativas especializadas delegadas por el Ministro de Salud,\u00a0 en el marco de la estructura del Poder Ejecutivo, as\u00ed tambi\u00e9n la CEASS como Instituci\u00f3n P\u00fablica Descentralizada, cuenta con personer\u00eda jur\u00eddica, patrimonio propio, autonom\u00eda de\u00a0 gesti\u00f3n administrativa, t\u00e9cnica y legal, con competencia de \u00e1mbito nacional y bajo tuici\u00f3n del Ministro de Salud.<\/p>\n","protected":false},"excerpt":{"rendered":"<p>La Central de Abastecimiento y Suministros de Salud, cuya sigla es CEASS, por Decreto Supremo N\u00b0 27943 de 20 de diciembre de 2002, se constituye en una Instituci\u00f3n P\u00fablica Descentralizada, sin fines de lucro, de prestaci\u00f3n de servicios, de car\u00e1cter social, que asume funciones operativas especializadas delegadas por el Ministro de Salud,\u00a0 en el marco [&hellip;]<\/p>\n","protected":false},"author":1,"featured_media":0,"parent":0,"menu_order":0,"comment_status":"closed","ping_status":"closed","template":"","meta":{"_acf_changed":false,"footnotes":""},"class_list":["post-34","page","type-page","status-publish","hentry"],"acf":[],"_links":{"self":[{"href":"https:\/\/www.ceass.gob.bo\/index.php\/wp-json\/wp\/v2\/pages\/34","targetHints":{"allow":["GET"]}}],"collection":[{"href":"https:\/\/www.ceass.gob.bo\/index.php\/wp-json\/wp\/v2\/pages"}],"about":[{"href":"https:\/\/www.ceass.gob.bo\/index.php\/wp-json\/wp\/v2\/types\/page"}],"author":[{"embeddable":true,"href":"https:\/\/www.ceass.gob.bo\/index.php\/wp-json\/wp\/v2\/users\/1"}],"replies":[{"embeddable":true,"href":"https:\/\/www.ceass.gob.bo\/index.php\/wp-json\/wp\/v2\/comments?post=34"}],"version-history":[{"count":3,"href":"https:\/\/www.ceass.gob.bo\/index.php\/wp-json\/wp\/v2\/pages\/34\/revisions"}],"predecessor-version":[{"id":38,"href":"https:\/\/www.ceass.gob.bo\/index.php\/wp-json\/wp\/v2\/pages\/34\/revisions\/38"}],"wp:attachment":[{"href":"https:\/\/www.ceass.gob.bo\/index.php\/wp-json\/wp\/v2\/media?parent=34"}],"curies":[{"name":"wp","href":"https:\/\/api.w.org\/{rel}","templated":true}]}}