{"id":23,"date":"2025-10-24T22:55:53","date_gmt":"2025-10-24T20:55:53","guid":{"rendered":"https:\/\/prueba.ceass.gob.bo\/?page_id=23"},"modified":"2025-10-24T23:07:59","modified_gmt":"2025-10-24T21:07:59","slug":"mision-vision-valores-y-principios","status":"publish","type":"page","link":"https:\/\/www.ceass.gob.bo\/index.php\/mision-vision-valores-y-principios\/","title":{"rendered":"Misi\u00f3n, Visi\u00f3n, Valores y Principios."},"content":{"rendered":"\n<p><\/p>\n\n\n\n<p class=\"has-large-font-size\"><strong>Misi\u00f3n<\/strong><\/p>\n\n\n\n<p>En el marco del Decreto Supremo 27943 Art. N\u00b03, \u201cLa CEASS, como Instituci\u00f3n P\u00fablica Descentralizada del Ministerio de Salud y Deportes, se constituye en una entidad sin fines de lucro de prestaci\u00f3n de servicios de car\u00e1cter social, encargada del abastecimiento, provisi\u00f3n, almacenamiento, comercializaci\u00f3n, suministro, donaci\u00f3n y distribuci\u00f3n de medicamentos esenciales, insumos m\u00e9dicos, reactivos de laboratorio y productos complementarios de salud, asegurando su disponibilidad a nivel nacional y accesibilidad a bajos precios, para la prestaci\u00f3n de servicios regulares y en casos de desastres y emergencias nacionales en forma eficiente y eficaz al Sistema P\u00fablico de Salud, seg\u00fan normas establecidas por la Ley N\u00ba1737 \u2013 Ley del Medicamento, su Decreto Supremo Reglamentario N\u00ba25235 de 30 de noviembre de 1998 y Decreto Supremo N\u00ba26873 de 21 de diciembre de 2002 del Sistema Nacional \u00danico de Suministros \u2013 SNUS\u201d.<\/p>\n\n\n\n<p class=\"has-large-font-size\"><strong>Visi\u00f3n<\/strong><\/p>\n\n\n\n<p>\u201cInstituci\u00f3n fiable, transparente que se constituye en el principal proveedor de medicamentos esenciales, insumos m\u00e9dicos, reactivos de laboratorio y productos complementarios de salud, al Sistema P\u00fablico de Salud Boliviano en t\u00e9rminos de eficiencia, calidad y oportuna, logrando la accesibilidad&nbsp; de las grandes mayor\u00edas empobrecidas del pa\u00eds respetando su identidad cultural; con infraestructura y equipamiento adecuados, recursos humanos capacitados y sistemas modernos de gesti\u00f3n que permita la contribuci\u00f3n para Vivir Bien\u201d. (Extractado del PEI y POA CEASS).<\/p>\n\n\n\n<p class=\"has-large-font-size\"><strong>Principios<\/strong><\/p>\n\n\n\n<ul class=\"wp-block-list\">\n<li><strong>Imparcialidad.-<\/strong>&nbsp;Nuestra actividad se sustenta en los criterios de objetividad y justicia, en el pleno respeto de las disposiciones que regulan nuestra actividad espec\u00edfica.<\/li>\n\n\n\n<li><strong>Participaci\u00f3n.-<\/strong>&nbsp;Valoramos y tomamos en consideraci\u00f3n, con el mayor inter\u00e9s y agradecimiento, cualquier sugerencia o propuesta de nuestros clientes en relaci\u00f3n a nuestros servicios.<\/li>\n\n\n\n<li><strong>Eficiencia.-<\/strong>&nbsp;Emprenderemos, de manera permanente, todas las acciones necesarias para garantizar a nuestros clientes eficiencia, bajo el compromiso de prestarles un servicio de calidad.<\/li>\n<\/ul>\n\n\n\n<p class=\"has-large-font-size\"><strong>Objetivos Institucionales<\/strong>\u00a0<\/p>\n\n\n\n<p>En el marco del Decreto Supremo 27943 Art. N\u00b05:<\/p>\n\n\n\n<ul class=\"wp-block-list\">\n<li>Asegurar la disponibilidad y equidad en el acceso a medicamentos esenciales, para satisfacer las necesidades de salud de la poblaci\u00f3n, a trav\u00e9s de su adquisici\u00f3n, almacenamiento y distribuci\u00f3n en el marco del Sistema Nacional \u00danico de Suministro de Medicamentos e Insumos M\u00e9dicos.<\/li>\n\n\n\n<li>Proveer, de forma competitiva, medicamentos esenciales que respondan a planes y programas del Ministerio de Salud y Deportes.<\/li>\n\n\n\n<li>Generar alianzas estrat\u00e9gicas con instituciones vinculadas al suministro de medicamentos al Sistema P\u00fablico de Salud y a la Seguridad Social de corto plazo.<\/li>\n<\/ul>\n","protected":false},"excerpt":{"rendered":"<p>Misi\u00f3n En el marco del Decreto Supremo 27943 Art. N\u00b03, \u201cLa CEASS, como Instituci\u00f3n P\u00fablica Descentralizada del Ministerio de Salud y Deportes, se constituye en una entidad sin fines de lucro de prestaci\u00f3n de servicios de car\u00e1cter social, encargada del abastecimiento, provisi\u00f3n, almacenamiento, comercializaci\u00f3n, suministro, donaci\u00f3n y distribuci\u00f3n de medicamentos esenciales, insumos m\u00e9dicos, reactivos de [&hellip;]<\/p>\n","protected":false},"author":1,"featured_media":0,"parent":0,"menu_order":0,"comment_status":"closed","ping_status":"closed","template":"","meta":{"_acf_changed":false,"footnotes":""},"class_list":["post-23","page","type-page","status-publish","hentry"],"acf":[],"_links":{"self":[{"href":"https:\/\/www.ceass.gob.bo\/index.php\/wp-json\/wp\/v2\/pages\/23","targetHints":{"allow":["GET"]}}],"collection":[{"href":"https:\/\/www.ceass.gob.bo\/index.php\/wp-json\/wp\/v2\/pages"}],"about":[{"href":"https:\/\/www.ceass.gob.bo\/index.php\/wp-json\/wp\/v2\/types\/page"}],"author":[{"embeddable":true,"href":"https:\/\/www.ceass.gob.bo\/index.php\/wp-json\/wp\/v2\/users\/1"}],"replies":[{"embeddable":true,"href":"https:\/\/www.ceass.gob.bo\/index.php\/wp-json\/wp\/v2\/comments?post=23"}],"version-history":[{"count":3,"href":"https:\/\/www.ceass.gob.bo\/index.php\/wp-json\/wp\/v2\/pages\/23\/revisions"}],"predecessor-version":[{"id":41,"href":"https:\/\/www.ceass.gob.bo\/index.php\/wp-json\/wp\/v2\/pages\/23\/revisions\/41"}],"wp:attachment":[{"href":"https:\/\/www.ceass.gob.bo\/index.php\/wp-json\/wp\/v2\/media?parent=23"}],"curies":[{"name":"wp","href":"https:\/\/api.w.org\/{rel}","templated":true}]}}